{"id":126,"date":"2023-05-12T22:13:01","date_gmt":"2023-05-12T22:13:01","guid":{"rendered":"https:\/\/quequiereschula.com\/?post_type=product&#038;p=126"},"modified":"2023-05-13T22:00:21","modified_gmt":"2023-05-13T22:00:21","slug":"blusa-showtime","status":"publish","type":"product","link":"https:\/\/quequiereschula.com\/index.php\/product\/blusa-showtime\/","title":{"rendered":"Blusa ShowTime"},"content":{"rendered":"<p>&#8216;-Lindas Blusas para salir a pasear. \ud83d\ude42<\/p>\n<blockquote><p><strong>NOTA:<\/strong> El color real puede ser ligeramente variable al de las im\u00e1genes debido a tu pantalla del Ordenador, Mobil, Tablet o Tv, seg\u00fan el contraste, brillo o configuraciones de colores del respectivo dispositivo. Gracias por tu fina compresi\u00f3n.<\/p><\/blockquote>\n","protected":false},"excerpt":{"rendered":"<p>&#8216;-Lindas Blusas para salir a pasear. \ud83d\ude42 NOTA: El color real puede ser ligeramente variable al de las im\u00e1genes debido a tu pantalla del Ordenador, Mobil, Tablet o Tv, seg\u00fan el contraste, brillo o configuraciones de colores del respectivo dispositivo. Gracias por tu fina compresi\u00f3n.<\/p>\n","protected":false},"featured_media":51,"comment_status":"open","ping_status":"closed","template":"","meta":[],"product_brand":[],"product_cat":[26],"product_tag":[27,28,29,24],"class_list":{"0":"post-126","1":"product","2":"type-product","3":"status-publish","4":"has-post-thumbnail","6":"product_cat-blusas","7":"product_tag-amarillo","8":"product_tag-blusa","9":"product_tag-cafe","10":"product_tag-rojo","12":"first","13":"instock","14":"sold-individually","15":"shipping-taxable","16":"purchasable","17":"product-type-variable","18":"has-default-attributes"},"jetpack_sharing_enabled":true,"_links":{"self":[{"href":"https:\/\/quequiereschula.com\/index.php\/wp-json\/wp\/v2\/product\/126","targetHints":{"allow":["GET"]}}],"collection":[{"href":"https:\/\/quequiereschula.com\/index.php\/wp-json\/wp\/v2\/product"}],"about":[{"href":"https:\/\/quequiereschula.com\/index.php\/wp-json\/wp\/v2\/types\/product"}],"replies":[{"embeddable":true,"href":"https:\/\/quequiereschula.com\/index.php\/wp-json\/wp\/v2\/comments?post=126"}],"wp:featuredmedia":[{"embeddable":true,"href":"https:\/\/quequiereschula.com\/index.php\/wp-json\/wp\/v2\/media\/51"}],"wp:attachment":[{"href":"https:\/\/quequiereschula.com\/index.php\/wp-json\/wp\/v2\/media?parent=126"}],"wp:term":[{"taxonomy":"product_brand","embeddable":true,"href":"https:\/\/quequiereschula.com\/index.php\/wp-json\/wp\/v2\/product_brand?post=126"},{"taxonomy":"product_cat","embeddable":true,"href":"https:\/\/quequiereschula.com\/index.php\/wp-json\/wp\/v2\/product_cat?post=126"},{"taxonomy":"product_tag","embeddable":true,"href":"https:\/\/quequiereschula.com\/index.php\/wp-json\/wp\/v2\/product_tag?post=126"}],"curies":[{"name":"wp","href":"https:\/\/api.w.org\/{rel}","templated":true}]}}