{"id":130,"date":"2023-05-12T22:13:01","date_gmt":"2023-05-12T22:13:01","guid":{"rendered":"https:\/\/quequiereschula.com\/?post_type=product&#038;p=130"},"modified":"2023-05-13T22:01:49","modified_gmt":"2023-05-13T22:01:49","slug":"outfit-verde","status":"publish","type":"product","link":"https:\/\/quequiereschula.com\/index.php\/product\/outfit-verde\/","title":{"rendered":"Outfit Verde"},"content":{"rendered":"<p>Lindo Outfit vede limon que incluye: Blusa y Pantalon.<\/p>\n<p>&nbsp;<\/p>\n<blockquote><p><strong>NOTA: <\/strong>El color real puede ser ligeramente variable al de las im\u00e1genes debido a tu pantalla del Ordenador, Mobil, Tablet o Tv, seg\u00fan el contraste, brillo o configuraciones de colores del respectivo dispositivo. Gracias por tu fina compresi\u00f3n.<\/p><\/blockquote>\n","protected":false},"excerpt":{"rendered":"<p>Lindo Outfit vede limon que incluye: Blusa y Pantalon. &nbsp; NOTA: El color real puede ser ligeramente variable al de las im\u00e1genes debido a tu pantalla del Ordenador, Mobil, Tablet o Tv, seg\u00fan el contraste, brillo o configuraciones de colores del respectivo dispositivo. Gracias por tu fina compresi\u00f3n.<\/p>\n","protected":false},"featured_media":17,"comment_status":"open","ping_status":"closed","template":"","meta":[],"product_brand":[],"product_cat":[30],"product_tag":[31,19],"class_list":{"0":"post-130","1":"product","2":"type-product","3":"status-publish","4":"has-post-thumbnail","6":"product_cat-outfit","7":"product_tag-outfit","8":"product_tag-verde","10":"first","11":"instock","12":"sold-individually","13":"shipping-taxable","14":"purchasable","15":"product-type-simple"},"jetpack_sharing_enabled":true,"_links":{"self":[{"href":"https:\/\/quequiereschula.com\/index.php\/wp-json\/wp\/v2\/product\/130","targetHints":{"allow":["GET"]}}],"collection":[{"href":"https:\/\/quequiereschula.com\/index.php\/wp-json\/wp\/v2\/product"}],"about":[{"href":"https:\/\/quequiereschula.com\/index.php\/wp-json\/wp\/v2\/types\/product"}],"replies":[{"embeddable":true,"href":"https:\/\/quequiereschula.com\/index.php\/wp-json\/wp\/v2\/comments?post=130"}],"wp:featuredmedia":[{"embeddable":true,"href":"https:\/\/quequiereschula.com\/index.php\/wp-json\/wp\/v2\/media\/17"}],"wp:attachment":[{"href":"https:\/\/quequiereschula.com\/index.php\/wp-json\/wp\/v2\/media?parent=130"}],"wp:term":[{"taxonomy":"product_brand","embeddable":true,"href":"https:\/\/quequiereschula.com\/index.php\/wp-json\/wp\/v2\/product_brand?post=130"},{"taxonomy":"product_cat","embeddable":true,"href":"https:\/\/quequiereschula.com\/index.php\/wp-json\/wp\/v2\/product_cat?post=130"},{"taxonomy":"product_tag","embeddable":true,"href":"https:\/\/quequiereschula.com\/index.php\/wp-json\/wp\/v2\/product_tag?post=130"}],"curies":[{"name":"wp","href":"https:\/\/api.w.org\/{rel}","templated":true}]}}