{"id":131,"date":"2023-05-12T22:13:01","date_gmt":"2023-05-12T22:13:01","guid":{"rendered":"https:\/\/quequiereschula.com\/?post_type=product&#038;p=131"},"modified":"2023-05-13T23:21:35","modified_gmt":"2023-05-13T23:21:35","slug":"sueter-croptop-de-colores","status":"publish","type":"product","link":"https:\/\/quequiereschula.com\/index.php\/product\/sueter-croptop-de-colores\/","title":{"rendered":"Sueter CropTop de Colores"},"content":{"rendered":"<p>Lindos Sueteres Croptops de diferentes colores para tus saliditas con tu familia y amigos.<\/p>\n<blockquote><p><strong>NOTA<\/strong>: El color real puede ser ligeramente variable al de las im\u00e1genes debido a tu pantalla del Ordenador, Mobil, Tablet o Tv, seg\u00fan el contraste, brillo o configuraciones de colores del respectivo dispositivo. Gracias por tu fina compresi\u00f3n.<\/p><\/blockquote>\n","protected":false},"excerpt":{"rendered":"<p>Lindos Sueteres Croptops de diferentes colores para tus saliditas con tu familia y amigos. NOTA: El color real puede ser ligeramente variable al de las im\u00e1genes debido a tu pantalla del Ordenador, Mobil, Tablet o Tv, seg\u00fan el contraste, brillo o configuraciones de colores del respectivo dispositivo. Gracias por tu fina compresi\u00f3n.<\/p>\n","protected":false},"featured_media":66,"comment_status":"open","ping_status":"closed","template":"","meta":[],"product_brand":[],"product_cat":[16],"product_tag":[21,29,32,18,19],"class_list":{"0":"post-131","1":"product","2":"type-product","3":"status-publish","4":"has-post-thumbnail","6":"product_cat-sueteres","7":"product_tag-blanco","8":"product_tag-cafe","9":"product_tag-croptop","10":"product_tag-sueteres","11":"product_tag-verde","13":"first","14":"instock","15":"sold-individually","16":"shipping-taxable","17":"purchasable","18":"product-type-variable","19":"has-default-attributes"},"jetpack_sharing_enabled":true,"_links":{"self":[{"href":"https:\/\/quequiereschula.com\/index.php\/wp-json\/wp\/v2\/product\/131","targetHints":{"allow":["GET"]}}],"collection":[{"href":"https:\/\/quequiereschula.com\/index.php\/wp-json\/wp\/v2\/product"}],"about":[{"href":"https:\/\/quequiereschula.com\/index.php\/wp-json\/wp\/v2\/types\/product"}],"replies":[{"embeddable":true,"href":"https:\/\/quequiereschula.com\/index.php\/wp-json\/wp\/v2\/comments?post=131"}],"wp:featuredmedia":[{"embeddable":true,"href":"https:\/\/quequiereschula.com\/index.php\/wp-json\/wp\/v2\/media\/66"}],"wp:attachment":[{"href":"https:\/\/quequiereschula.com\/index.php\/wp-json\/wp\/v2\/media?parent=131"}],"wp:term":[{"taxonomy":"product_brand","embeddable":true,"href":"https:\/\/quequiereschula.com\/index.php\/wp-json\/wp\/v2\/product_brand?post=131"},{"taxonomy":"product_cat","embeddable":true,"href":"https:\/\/quequiereschula.com\/index.php\/wp-json\/wp\/v2\/product_cat?post=131"},{"taxonomy":"product_tag","embeddable":true,"href":"https:\/\/quequiereschula.com\/index.php\/wp-json\/wp\/v2\/product_tag?post=131"}],"curies":[{"name":"wp","href":"https:\/\/api.w.org\/{rel}","templated":true}]}}