{"id":135,"date":"2023-05-12T22:13:01","date_gmt":"2023-05-12T22:13:01","guid":{"rendered":"https:\/\/quequiereschula.com\/?post_type=product&#038;p=135"},"modified":"2023-05-13T23:27:43","modified_gmt":"2023-05-13T23:27:43","slug":"blusa-fantasilla-fina","status":"publish","type":"product","link":"https:\/\/quequiereschula.com\/index.php\/product\/blusa-fantasilla-fina\/","title":{"rendered":"Blusa Fantasilla fina"},"content":{"rendered":"<p>Linda Blusa fantasilla fina de color negro para salir a fiesta.<\/p>\n<blockquote><p><strong>NOTA<\/strong>: El color real puede ser ligeramente variable al de las im\u00e1genes debido a tu pantalla del Ordenador, Mobil, Tablet o Tv, seg\u00fan el contraste, brillo o configuraciones de colores del respectivo dispositivo. Gracias por tu fina compresi\u00f3n.<\/p><\/blockquote>\n","protected":false},"excerpt":{"rendered":"<p>Linda Blusa fantasilla fina de color negro para salir a fiesta. NOTA: El color real puede ser ligeramente variable al de las im\u00e1genes debido a tu pantalla del Ordenador, Mobil, Tablet o Tv, seg\u00fan el contraste, brillo o configuraciones de colores del respectivo dispositivo. Gracias por tu fina compresi\u00f3n.<\/p>\n","protected":false},"featured_media":24,"comment_status":"open","ping_status":"closed","template":"","meta":[],"product_brand":[],"product_cat":[26],"product_tag":[28,33,34,35,23],"class_list":{"0":"post-135","1":"product","2":"type-product","3":"status-publish","4":"has-post-thumbnail","6":"product_cat-blusas","7":"product_tag-blusa","8":"product_tag-fantasilla","9":"product_tag-fiesta","10":"product_tag-fina","11":"product_tag-negro","13":"first","14":"instock","15":"sold-individually","16":"shipping-taxable","17":"purchasable","18":"product-type-simple"},"jetpack_sharing_enabled":true,"_links":{"self":[{"href":"https:\/\/quequiereschula.com\/index.php\/wp-json\/wp\/v2\/product\/135","targetHints":{"allow":["GET"]}}],"collection":[{"href":"https:\/\/quequiereschula.com\/index.php\/wp-json\/wp\/v2\/product"}],"about":[{"href":"https:\/\/quequiereschula.com\/index.php\/wp-json\/wp\/v2\/types\/product"}],"replies":[{"embeddable":true,"href":"https:\/\/quequiereschula.com\/index.php\/wp-json\/wp\/v2\/comments?post=135"}],"wp:featuredmedia":[{"embeddable":true,"href":"https:\/\/quequiereschula.com\/index.php\/wp-json\/wp\/v2\/media\/24"}],"wp:attachment":[{"href":"https:\/\/quequiereschula.com\/index.php\/wp-json\/wp\/v2\/media?parent=135"}],"wp:term":[{"taxonomy":"product_brand","embeddable":true,"href":"https:\/\/quequiereschula.com\/index.php\/wp-json\/wp\/v2\/product_brand?post=135"},{"taxonomy":"product_cat","embeddable":true,"href":"https:\/\/quequiereschula.com\/index.php\/wp-json\/wp\/v2\/product_cat?post=135"},{"taxonomy":"product_tag","embeddable":true,"href":"https:\/\/quequiereschula.com\/index.php\/wp-json\/wp\/v2\/product_tag?post=135"}],"curies":[{"name":"wp","href":"https:\/\/api.w.org\/{rel}","templated":true}]}}