{"id":136,"date":"2023-05-12T22:13:01","date_gmt":"2023-05-12T22:13:01","guid":{"rendered":"https:\/\/quequiereschula.com\/?post_type=product&#038;p=136"},"modified":"2023-05-13T23:30:32","modified_gmt":"2023-05-13T23:30:32","slug":"blusa-gl-max","status":"publish","type":"product","link":"https:\/\/quequiereschula.com\/index.php\/product\/blusa-gl-max\/","title":{"rendered":"Blusa GL Max"},"content":{"rendered":"<p>Linda Blusa GL Max, comoda y strech de varios colores para salir con tu familia y amisgos.<\/p>\n<p>&nbsp;<\/p>\n<blockquote><p><strong>NOTA<\/strong>: El color real puede ser ligeramente variable al de las im\u00e1genes debido a tu pantalla del Ordenador, Mobil, Tablet o Tv, seg\u00fan el contraste, brillo o configuraciones de colores del respectivo dispositivo. Gracias por tu fina compresi\u00f3n.<\/p><\/blockquote>\n","protected":false},"excerpt":{"rendered":"<p>Linda Blusa GL Max, comoda y strech de varios colores para salir con tu familia y amisgos.<\/p>\n","protected":false},"featured_media":76,"comment_status":"open","ping_status":"closed","template":"","meta":[],"product_brand":[],"product_cat":[26],"product_tag":[28,36,23,25,37],"class_list":{"0":"post-136","1":"product","2":"type-product","3":"status-publish","4":"has-post-thumbnail","6":"product_cat-blusas","7":"product_tag-blusa","8":"product_tag-celeste","9":"product_tag-negro","10":"product_tag-rosa","11":"product_tag-strech","13":"first","14":"instock","15":"sold-individually","16":"shipping-taxable","17":"purchasable","18":"product-type-variable"},"jetpack_sharing_enabled":true,"_links":{"self":[{"href":"https:\/\/quequiereschula.com\/index.php\/wp-json\/wp\/v2\/product\/136","targetHints":{"allow":["GET"]}}],"collection":[{"href":"https:\/\/quequiereschula.com\/index.php\/wp-json\/wp\/v2\/product"}],"about":[{"href":"https:\/\/quequiereschula.com\/index.php\/wp-json\/wp\/v2\/types\/product"}],"replies":[{"embeddable":true,"href":"https:\/\/quequiereschula.com\/index.php\/wp-json\/wp\/v2\/comments?post=136"}],"wp:featuredmedia":[{"embeddable":true,"href":"https:\/\/quequiereschula.com\/index.php\/wp-json\/wp\/v2\/media\/76"}],"wp:attachment":[{"href":"https:\/\/quequiereschula.com\/index.php\/wp-json\/wp\/v2\/media?parent=136"}],"wp:term":[{"taxonomy":"product_brand","embeddable":true,"href":"https:\/\/quequiereschula.com\/index.php\/wp-json\/wp\/v2\/product_brand?post=136"},{"taxonomy":"product_cat","embeddable":true,"href":"https:\/\/quequiereschula.com\/index.php\/wp-json\/wp\/v2\/product_cat?post=136"},{"taxonomy":"product_tag","embeddable":true,"href":"https:\/\/quequiereschula.com\/index.php\/wp-json\/wp\/v2\/product_tag?post=136"}],"curies":[{"name":"wp","href":"https:\/\/api.w.org\/{rel}","templated":true}]}}